{"id":30,"date":"2017-02-15T10:47:11","date_gmt":"2017-02-15T10:47:11","guid":{"rendered":"http:\/\/csaa.upol.cz\/?page_id=30"},"modified":"2024-04-12T09:18:17","modified_gmt":"2024-04-12T08:18:17","slug":"about-us","status":"publish","type":"page","link":"http:\/\/csaa.upol.cz\/?page_id=30","title":{"rendered":"About Us"},"content":{"rendered":"<p><strong>The Czech and Slovak Association for American Studies<\/strong> (henceafter <strong>CSAA<\/strong>) is a voluntary association, members of which are engaged in study or research related to an area of American cultural and social life. CSAA was founded in Olomouc at Palack\u00fd University in 1992.<\/p>\n<p>CSAA is a member of the European Association for American Studies, a confederation of national and joint national associations of American Studies in Europe, founded at Schloss Leopoldskron, Salzburg, in 1954.<\/p>\n<p><strong>President: Tom\u00e1\u0161 Ka\u010der<\/strong><br \/>\nDepartment of English and American Studies<br \/>\nFaculty of Arts<br \/>\nMasaryk University Brno<br \/>\nArna Nov\u00e1ka 1\/1, 602 00 Brno, Czech Republic<br \/>\nPhone: +420 549 497 217<br \/>\nE-mail: kacer[remove]@phil.muni.cz<\/p>\n<p><strong>Vice-President: Ivan Lacko<\/strong><br \/>\nDepartment of British and American Studies,<br \/>\nFaculty of Arts<br \/>\nUniverzita Komensk\u00e9ho v Bratislave<br \/>\nGondova ulica 2, 811 02, Bratislava, Slovakia<br \/>\nPhone: +421 290 132 153<br \/>\nE-mail: ivan.lacko[remove]@uniba.sk<\/p>\n<p><strong>Secretary: Michaela Weiss<\/strong><br \/>\nDepartment of English and American Studies<br \/>\nFaculty of Philosophy and Science<br \/>\nSilesian University in Opava<br \/>\nMasarykova t\u0159\u00edda 343\/37, 746 01, Opava, Czech Republic<br \/>\nPhone: +420 553 684 435<br \/>\nE-mail: michaela.weiss[remove]@fpf.slu.cz<\/p>\n<p><strong>Treasurer: Luk\u00e1\u0161 Merz<\/strong><br \/>\nAmerican Center Olomouc<br \/>\nPalack\u00fd University Olomouc<br \/>\nT\u0159\u00edda Svobody 8, 771 80 Olomouc, Czech Republic<br \/>\nE-mail: lukas.merz[remove]@upol.cz<\/p>\n<p>\u010cesk\u00e1 a Slovensk\u00e1 asociace amerikanist\u016f, z.s.<br \/>\nK\u0159\u00ed\u017ekovsk\u00e9ho 10, 771 47 Olomouc<br \/>\nCzech Republic<br \/>\nregistered ID (I\u010cO): 166 26 371<\/p>\n<p>For any administrative tasks, please contact us at <strong>american.studies@upol.cz<\/strong><\/p>\n<p>CSAA Constitution (in Czech) available <a href=\"http:\/\/csaa.upol.cz\/wp-content\/uploads\/2017\/02\/STANOVY-SPOLKU-CSAA.pdf\">here<\/a>.<\/p>\n","protected":false},"excerpt":{"rendered":"<p>The Czech and Slovak Association for American Studies (henceafter CSAA) is a voluntary association, members of which are engaged in study or research related to an area of American cultural and social life. CSAA was founded in Olomouc at Palack\u00fd University in 1992. CSAA is a member of the European Association for American Studies, a confederation of national and joint national associations of American Studies in Europe, founded at Schloss Leopoldskron, Salzburg, in 1954. President: Tom\u00e1\u0161 Ka\u010der Department of English and American Studies Faculty of Arts Masaryk University Brno Arna Nov\u00e1ka 1\/1, 602 00 Brno, Czech Republic Phone: +420 549 497 217 E-mail: kacer[remove]@phil.muni.cz Vice-President: Ivan Lacko Department of British&hellip; <a class=\"read-more\" href=\"http:\/\/csaa.upol.cz\/?page_id=30\">Read More<\/a><\/p>\n","protected":false},"author":1,"featured_media":0,"parent":0,"menu_order":0,"comment_status":"closed","ping_status":"closed","template":"","meta":{"footnotes":""},"class_list":["post-30","page","type-page","status-publish","hentry"],"_links":{"self":[{"href":"http:\/\/csaa.upol.cz\/index.php?rest_route=\/wp\/v2\/pages\/30","targetHints":{"allow":["GET"]}}],"collection":[{"href":"http:\/\/csaa.upol.cz\/index.php?rest_route=\/wp\/v2\/pages"}],"about":[{"href":"http:\/\/csaa.upol.cz\/index.php?rest_route=\/wp\/v2\/types\/page"}],"author":[{"embeddable":true,"href":"http:\/\/csaa.upol.cz\/index.php?rest_route=\/wp\/v2\/users\/1"}],"replies":[{"embeddable":true,"href":"http:\/\/csaa.upol.cz\/index.php?rest_route=%2Fwp%2Fv2%2Fcomments&post=30"}],"version-history":[{"count":7,"href":"http:\/\/csaa.upol.cz\/index.php?rest_route=\/wp\/v2\/pages\/30\/revisions"}],"predecessor-version":[{"id":567,"href":"http:\/\/csaa.upol.cz\/index.php?rest_route=\/wp\/v2\/pages\/30\/revisions\/567"}],"wp:attachment":[{"href":"http:\/\/csaa.upol.cz\/index.php?rest_route=%2Fwp%2Fv2%2Fmedia&parent=30"}],"curies":[{"name":"wp","href":"https:\/\/api.w.org\/{rel}","templated":true}]}}